{"id":241,"date":"2025-02-14T12:50:03","date_gmt":"2025-02-14T17:50:03","guid":{"rendered":"http:\/\/raltcom-001-site9.btempurl.com\/?post_type=product&#038;p=241"},"modified":"2025-08-25T11:08:06","modified_gmt":"2025-08-25T18:08:06","slug":"che7-3-masticables","status":"publish","type":"product","link":"https:\/\/che7.vip\/en\/product\/che7-3-masticables\/","title":{"rendered":"Che7 \u2013 3 Chewables"},"content":{"rendered":"<h6><strong>Benefits:\u00a0<\/strong><\/h6>\n<p>\u2013 7 days duration<br \/>\n\u2013 100% natural<br \/>\n\u2013 No side effects<br \/>\n\u2013 Discreet packaging<\/p>\n<p>*Note: Results may vary depending on individual factors such as height, weight, and other personal considerations.<\/p>","protected":false},"excerpt":{"rendered":"<h6><strong>The revolutionary natural chewable tablet that will help you maintain peak performance, guaranteeing 7 days of effectiveness with a single dose.<\/strong><\/h6>\n<p>Discover a revolutionary approach to natural male enhancement that will help you achieve and maintain optimal performance.<br \/>\nWith our advanced chewable tablets, you can feel more invigorated and satisfied.<br \/>\nOur tablets offer up to 7 days of effectiveness with a single dose, a modern and practical solution.<\/p>","protected":false},"featured_media":2318,"comment_status":"open","ping_status":"closed","template":"","meta":{"site-sidebar-layout":"default","site-content-layout":"","ast-site-content-layout":"default","site-content-style":"default","site-sidebar-style":"default","ast-global-header-display":"","ast-banner-title-visibility":"","ast-main-header-display":"","ast-hfb-above-header-display":"","ast-hfb-below-header-display":"","ast-hfb-mobile-header-display":"","site-post-title":"","ast-breadcrumbs-content":"","ast-featured-img":"","footer-sml-layout":"","theme-transparent-header-meta":"default","adv-header-id-meta":"","stick-header-meta":"","header-above-stick-meta":"","header-main-stick-meta":"","header-below-stick-meta":"","astra-migrate-meta-layouts":"set","ast-page-background-enabled":"default","ast-page-background-meta":{"desktop":{"background-color":"","background-image":"","background-repeat":"repeat","background-position":"center center","background-size":"auto","background-attachment":"scroll","background-type":"","background-media":"","overlay-type":"","overlay-color":"","overlay-opacity":"","overlay-gradient":""},"tablet":{"background-color":"","background-image":"","background-repeat":"repeat","background-position":"center center","background-size":"auto","background-attachment":"scroll","background-type":"","background-media":"","overlay-type":"","overlay-color":"","overlay-opacity":"","overlay-gradient":""},"mobile":{"background-color":"","background-image":"","background-repeat":"repeat","background-position":"center center","background-size":"auto","background-attachment":"scroll","background-type":"","background-media":"","overlay-type":"","overlay-color":"","overlay-opacity":"","overlay-gradient":""}},"ast-content-background-meta":{"desktop":{"background-color":"var(--ast-global-color-5)","background-image":"","background-repeat":"repeat","background-position":"center center","background-size":"auto","background-attachment":"scroll","background-type":"","background-media":"","overlay-type":"","overlay-color":"","overlay-opacity":"","overlay-gradient":""},"tablet":{"background-color":"var(--ast-global-color-5)","background-image":"","background-repeat":"repeat","background-position":"center center","background-size":"auto","background-attachment":"scroll","background-type":"","background-media":"","overlay-type":"","overlay-color":"","overlay-opacity":"","overlay-gradient":""},"mobile":{"background-color":"var(--ast-global-color-5)","background-image":"","background-repeat":"repeat","background-position":"center center","background-size":"auto","background-attachment":"scroll","background-type":"","background-media":"","overlay-type":"","overlay-color":"","overlay-opacity":"","overlay-gradient":""}}},"product_brand":[],"product_cat":[37],"product_tag":[],"class_list":{"0":"post-241","1":"product","2":"type-product","3":"status-publish","4":"has-post-thumbnail","6":"product_cat-salud-masculina","7":"desktop-align-left","8":"tablet-align-left","9":"mobile-align-left","11":"first","12":"instock","13":"sale","14":"shipping-taxable","15":"purchasable","16":"product-type-simple"},"yoast_head":"<!-- This site is optimized with the Yoast SEO plugin v25.8 - https:\/\/yoast.com\/wordpress\/plugins\/seo\/ -->\n<title>Che7 - 3 Masticables - Che7<\/title>\n<meta name=\"robots\" content=\"index, follow, max-snippet:-1, max-image-preview:large, max-video-preview:-1\" \/>\n<link rel=\"canonical\" href=\"https:\/\/che7.vip\/en\/product\/che7-3-masticables\/\" \/>\n<meta property=\"og:locale\" content=\"en_US\" \/>\n<meta property=\"og:type\" content=\"article\" \/>\n<meta property=\"og:title\" content=\"Che7 - 3 Masticables - Che7\" \/>\n<meta property=\"og:description\" content=\"La revolucionaria tableta masticable natural que te ayudar\u00e1 a mantener el m\u00e1ximo rendimiento, garantizando 7 d\u00edas de efectividad con una sola dosis. Descubra un enfoque revolucionario para la mejora masculina natural que le ayudar\u00e1 a alcanzar y mantener un rendimiento \u00f3ptimo. Con nuestras avanzadas tabletas masticables, podr\u00e1 sentirse m\u00e1s vigorizado y satisfecho. Nuestras tabletas ofrecen hasta 7 d\u00edas de efectividad con una sola dosis, una soluci\u00f3n moderna y pr\u00e1ctica.\" \/>\n<meta property=\"og:url\" content=\"https:\/\/che7.vip\/en\/product\/che7-3-masticables\/\" \/>\n<meta property=\"og:site_name\" content=\"Che7\" \/>\n<meta property=\"article:publisher\" content=\"https:\/\/www.facebook.com\/che7.vip\" \/>\n<meta property=\"article:modified_time\" content=\"2025-08-25T18:08:06+00:00\" \/>\n<meta property=\"og:image\" content=\"https:\/\/che7.vip\/wp-content\/uploads\/2025\/02\/Che1_21_300.png\" \/>\n\t<meta property=\"og:image:width\" content=\"207\" \/>\n\t<meta property=\"og:image:height\" content=\"299\" \/>\n\t<meta property=\"og:image:type\" content=\"image\/png\" \/>\n<meta name=\"twitter:card\" content=\"summary_large_image\" \/>\n<script type=\"application\/ld+json\" class=\"yoast-schema-graph\">{\"@context\":\"https:\/\/schema.org\",\"@graph\":[{\"@type\":\"WebPage\",\"@id\":\"https:\/\/che7.vip\/product\/che7-3-masticables\/\",\"url\":\"https:\/\/che7.vip\/product\/che7-3-masticables\/\",\"name\":\"Che7 - 3 Masticables - Che7\",\"isPartOf\":{\"@id\":\"https:\/\/che7.vip\/#website\"},\"primaryImageOfPage\":{\"@id\":\"https:\/\/che7.vip\/product\/che7-3-masticables\/#primaryimage\"},\"image\":{\"@id\":\"https:\/\/che7.vip\/product\/che7-3-masticables\/#primaryimage\"},\"thumbnailUrl\":\"https:\/\/che7.vip\/wp-content\/uploads\/2025\/02\/Che1_21_300.png\",\"datePublished\":\"2025-02-14T17:50:03+00:00\",\"dateModified\":\"2025-08-25T18:08:06+00:00\",\"breadcrumb\":{\"@id\":\"https:\/\/che7.vip\/product\/che7-3-masticables\/#breadcrumb\"},\"inLanguage\":\"en-US\",\"potentialAction\":[{\"@type\":\"ReadAction\",\"target\":[\"https:\/\/che7.vip\/product\/che7-3-masticables\/\"]}]},{\"@type\":\"ImageObject\",\"inLanguage\":\"en-US\",\"@id\":\"https:\/\/che7.vip\/product\/che7-3-masticables\/#primaryimage\",\"url\":\"https:\/\/che7.vip\/wp-content\/uploads\/2025\/02\/Che1_21_300.png\",\"contentUrl\":\"https:\/\/che7.vip\/wp-content\/uploads\/2025\/02\/Che1_21_300.png\",\"width\":207,\"height\":299},{\"@type\":\"BreadcrumbList\",\"@id\":\"https:\/\/che7.vip\/product\/che7-3-masticables\/#breadcrumb\",\"itemListElement\":[{\"@type\":\"ListItem\",\"position\":1,\"name\":\"Portada\",\"item\":\"https:\/\/che7.vip\/\"},{\"@type\":\"ListItem\",\"position\":2,\"name\":\"Shop\",\"item\":\"https:\/\/che7.vip\/shop\/\"},{\"@type\":\"ListItem\",\"position\":3,\"name\":\"Che7 &#8211; 3 Masticables\"}]},{\"@type\":\"WebSite\",\"@id\":\"https:\/\/che7.vip\/#website\",\"url\":\"https:\/\/che7.vip\/\",\"name\":\"Che7\",\"description\":\"La bala de acero\",\"publisher\":{\"@id\":\"https:\/\/che7.vip\/#organization\"},\"potentialAction\":[{\"@type\":\"SearchAction\",\"target\":{\"@type\":\"EntryPoint\",\"urlTemplate\":\"https:\/\/che7.vip\/?s={search_term_string}\"},\"query-input\":{\"@type\":\"PropertyValueSpecification\",\"valueRequired\":true,\"valueName\":\"search_term_string\"}}],\"inLanguage\":\"en-US\"},{\"@type\":\"Organization\",\"@id\":\"https:\/\/che7.vip\/#organization\",\"name\":\"Che7\",\"url\":\"https:\/\/che7.vip\/\",\"logo\":{\"@type\":\"ImageObject\",\"inLanguage\":\"en-US\",\"@id\":\"https:\/\/che7.vip\/#\/schema\/logo\/image\/\",\"url\":\"https:\/\/che7.vip\/wp-content\/uploads\/2025\/08\/Che7LogoBeige.jpg\",\"contentUrl\":\"https:\/\/che7.vip\/wp-content\/uploads\/2025\/08\/Che7LogoBeige.jpg\",\"width\":1000,\"height\":1000,\"caption\":\"Che7\"},\"image\":{\"@id\":\"https:\/\/che7.vip\/#\/schema\/logo\/image\/\"},\"sameAs\":[\"https:\/\/www.facebook.com\/che7.vip\",\"https:\/\/www.instagram.com\/che7.vip\/\"]}]}<\/script>\n<!-- \/ Yoast SEO plugin. -->","yoast_head_json":{"title":"Che7 - 3 Masticables - Che7","robots":{"index":"index","follow":"follow","max-snippet":"max-snippet:-1","max-image-preview":"max-image-preview:large","max-video-preview":"max-video-preview:-1"},"canonical":"https:\/\/che7.vip\/en\/product\/che7-3-masticables\/","og_locale":"en_US","og_type":"article","og_title":"Che7 - 3 Masticables - Che7","og_description":"La revolucionaria tableta masticable natural que te ayudar\u00e1 a mantener el m\u00e1ximo rendimiento, garantizando 7 d\u00edas de efectividad con una sola dosis. Descubra un enfoque revolucionario para la mejora masculina natural que le ayudar\u00e1 a alcanzar y mantener un rendimiento \u00f3ptimo. Con nuestras avanzadas tabletas masticables, podr\u00e1 sentirse m\u00e1s vigorizado y satisfecho. Nuestras tabletas ofrecen hasta 7 d\u00edas de efectividad con una sola dosis, una soluci\u00f3n moderna y pr\u00e1ctica.","og_url":"https:\/\/che7.vip\/en\/product\/che7-3-masticables\/","og_site_name":"Che7","article_publisher":"https:\/\/www.facebook.com\/che7.vip","article_modified_time":"2025-08-25T18:08:06+00:00","og_image":[{"width":207,"height":299,"url":"https:\/\/che7.vip\/wp-content\/uploads\/2025\/02\/Che1_21_300.png","type":"image\/png"}],"twitter_card":"summary_large_image","schema":{"@context":"https:\/\/schema.org","@graph":[{"@type":"WebPage","@id":"https:\/\/che7.vip\/product\/che7-3-masticables\/","url":"https:\/\/che7.vip\/product\/che7-3-masticables\/","name":"Che7 - 3 Masticables - Che7","isPartOf":{"@id":"https:\/\/che7.vip\/#website"},"primaryImageOfPage":{"@id":"https:\/\/che7.vip\/product\/che7-3-masticables\/#primaryimage"},"image":{"@id":"https:\/\/che7.vip\/product\/che7-3-masticables\/#primaryimage"},"thumbnailUrl":"https:\/\/che7.vip\/wp-content\/uploads\/2025\/02\/Che1_21_300.png","datePublished":"2025-02-14T17:50:03+00:00","dateModified":"2025-08-25T18:08:06+00:00","breadcrumb":{"@id":"https:\/\/che7.vip\/product\/che7-3-masticables\/#breadcrumb"},"inLanguage":"en-US","potentialAction":[{"@type":"ReadAction","target":["https:\/\/che7.vip\/product\/che7-3-masticables\/"]}]},{"@type":"ImageObject","inLanguage":"en-US","@id":"https:\/\/che7.vip\/product\/che7-3-masticables\/#primaryimage","url":"https:\/\/che7.vip\/wp-content\/uploads\/2025\/02\/Che1_21_300.png","contentUrl":"https:\/\/che7.vip\/wp-content\/uploads\/2025\/02\/Che1_21_300.png","width":207,"height":299},{"@type":"BreadcrumbList","@id":"https:\/\/che7.vip\/product\/che7-3-masticables\/#breadcrumb","itemListElement":[{"@type":"ListItem","position":1,"name":"Portada","item":"https:\/\/che7.vip\/"},{"@type":"ListItem","position":2,"name":"Shop","item":"https:\/\/che7.vip\/shop\/"},{"@type":"ListItem","position":3,"name":"Che7 &#8211; 3 Masticables"}]},{"@type":"WebSite","@id":"https:\/\/che7.vip\/#website","url":"https:\/\/che7.vip\/","name":"Che7","description":"La bala de acero","publisher":{"@id":"https:\/\/che7.vip\/#organization"},"potentialAction":[{"@type":"SearchAction","target":{"@type":"EntryPoint","urlTemplate":"https:\/\/che7.vip\/?s={search_term_string}"},"query-input":{"@type":"PropertyValueSpecification","valueRequired":true,"valueName":"search_term_string"}}],"inLanguage":"en-US"},{"@type":"Organization","@id":"https:\/\/che7.vip\/#organization","name":"Che7","url":"https:\/\/che7.vip\/","logo":{"@type":"ImageObject","inLanguage":"en-US","@id":"https:\/\/che7.vip\/#\/schema\/logo\/image\/","url":"https:\/\/che7.vip\/wp-content\/uploads\/2025\/08\/Che7LogoBeige.jpg","contentUrl":"https:\/\/che7.vip\/wp-content\/uploads\/2025\/08\/Che7LogoBeige.jpg","width":1000,"height":1000,"caption":"Che7"},"image":{"@id":"https:\/\/che7.vip\/#\/schema\/logo\/image\/"},"sameAs":["https:\/\/www.facebook.com\/che7.vip","https:\/\/www.instagram.com\/che7.vip\/"]}]}},"_links":{"self":[{"href":"https:\/\/che7.vip\/en\/wp-json\/wp\/v2\/product\/241","targetHints":{"allow":["GET"]}}],"collection":[{"href":"https:\/\/che7.vip\/en\/wp-json\/wp\/v2\/product"}],"about":[{"href":"https:\/\/che7.vip\/en\/wp-json\/wp\/v2\/types\/product"}],"replies":[{"embeddable":true,"href":"https:\/\/che7.vip\/en\/wp-json\/wp\/v2\/comments?post=241"}],"wp:featuredmedia":[{"embeddable":true,"href":"https:\/\/che7.vip\/en\/wp-json\/wp\/v2\/media\/2318"}],"wp:attachment":[{"href":"https:\/\/che7.vip\/en\/wp-json\/wp\/v2\/media?parent=241"}],"wp:term":[{"taxonomy":"product_brand","embeddable":true,"href":"https:\/\/che7.vip\/en\/wp-json\/wp\/v2\/product_brand?post=241"},{"taxonomy":"product_cat","embeddable":true,"href":"https:\/\/che7.vip\/en\/wp-json\/wp\/v2\/product_cat?post=241"},{"taxonomy":"product_tag","embeddable":true,"href":"https:\/\/che7.vip\/en\/wp-json\/wp\/v2\/product_tag?post=241"}],"curies":[{"name":"wp","href":"https:\/\/api.w.org\/{rel}","templated":true}]}}